{"id":4650,"date":"2025-04-30T16:50:38","date_gmt":"2025-04-30T16:50:38","guid":{"rendered":"https:\/\/bdbmetal.com\/trash-container\/above-ground-garbage-container\/"},"modified":"2026-03-10T20:30:22","modified_gmt":"2026-03-10T20:30:22","slug":"above-ground-garbage-container","status":"publish","type":"page","link":"https:\/\/bdbmetal.com\/en\/trash-container\/above-ground-garbage-container\/","title":{"rendered":"Above Ground Garbage Container"},"content":{"rendered":"\n\n  <div class=\"banner has-hover\" id=\"banner-294633048\">\n          <div class=\"banner-inner fill\">\n        <div class=\"banner-bg fill\" >\n            <img loading=\"lazy\" decoding=\"async\" width=\"1600\" height=\"960\" src=\"https:\/\/bdbmetal.com\/wp-content\/uploads\/2024\/08\/bdb-banner.jpg\" class=\"bg attachment-original size-original\" alt=\"\" title=\"\">                                    \n                    <\/div>\n\t\t\n        <div class=\"banner-layers container\">\n            <div class=\"fill banner-link\"><\/div>            \n\n   <div id=\"text-box-149144295\" class=\"text-box banner-layer x0 md-x0 lg-x0 y50 md-y50 lg-y50 res-text\">\n                                <div class=\"text-box-content text dark\">\n              \n              <div class=\"text-inner text-center\">\n                  \n\n\t<div id=\"text-3776047550\" class=\"text\">\n\t\t\n\n<h1><strong>Aboveground Waste Containers<br \/>\n<\/strong><\/h1>\n<p>Aboveground waste containers offer durable, aesthetic, and functional solutions. Explore a variety of aboveground waste container models and choose the model best suited for your project. BDB Metal is here for you with project-based custom manufacturing options and attractive aboveground waste container prices!<\/p>\n\t\t\n<style>\n#text-3776047550 {\n  text-align: left;\n}\n<\/style>\n\t<\/div>\n\t\n\n              <\/div>\n           <\/div>\n                            \n<style>\n#text-box-149144295 {\n  width: 60%;\n}\n#text-box-149144295 .text-box-content {\n  font-size: 100%;\n}\n<\/style>\n    <\/div>\n \n\n        <\/div>\n      <\/div>\n\n            \n<style>\n#banner-294633048 {\n  padding-top: 500px;\n}\n#banner-294633048 .banner-bg img {\n  object-position: 49% 38%;\n}\n<\/style>\n  <\/div>\n\n\n<div class=\"row\"  id=\"row-477481714\">\n\n\n\t<div id=\"col-1710656436\" class=\"col small-12 large-12\"  >\n\t\t\t\t<div class=\"col-inner\"  >\n\t\t\t\n\t\t\t\n\n\n\n<div class=\"col-inner\">\n<nav class=\"rank-math-breadcrumb\" aria-label=\"breadcrumbs\">\n<p><a href=\"https:\/\/bdbmetal.com\/en\">Home Page<\/a><span class=\"separator\"> &#8211; <\/span><a href=\"https:\/\/bdbmetal.com\/en\/trash-container\/\">Waste Containers<\/a><span class=\"separator\"> &#8211; <\/span><span class=\"last\">Aboveground Waste Containers<\/span><\/p>\n<\/nav>\n<\/div>\n\n\t<div id=\"text-3903569536\" class=\"text\">\n\t\t\n\n<h2>Aboveground Garbage Container Models<\/h2>\n\t\t\n<style>\n#text-3903569536 {\n  text-align: left;\n}\n<\/style>\n\t<\/div>\n\t\n\t\n  \n    <div class=\"row large-columns-4 medium-columns-3 small-columns-2 row-small\" >\n  \n\t     <div class=\"product-small col has-hover product type-product post-2715 status-publish first instock product_cat-above-ground-garbage-container1 product_cat-trash-container1 product_tag-2500-lt-aboveground-waste-container product_tag-2500lt-garbage-container product_tag-above-ground-garbage-container product_tag-galvanized-garbage-container product_tag-metal-garbage-container has-post-thumbnail shipping-taxable product-type-simple\">\n\t<div class=\"col-inner\">\n\t\n<div class=\"badge-container absolute left top z-1\">\n\n<\/div>\n\t<div class=\"product-small box \">\n\t\t<div class=\"box-image\">\n\t\t\t<div class=\"image-color\">\n\t\t\t\t<a href=\"https:\/\/bdbmetal.com\/en\/2500-lt-above-ground-trash-container\/\" aria-label=\"2500 LT Above Ground Metal Galvanized Garbage Container\">\n\t\t\t\t\t<img loading=\"lazy\" decoding=\"async\" width=\"300\" height=\"300\" src=\"https:\/\/bdbmetal.com\/wp-content\/uploads\/2024\/09\/Sahne-1-1-300x300.png\" class=\"attachment-woocommerce_thumbnail size-woocommerce_thumbnail\" alt=\"2500 LT Yer \u00dcst\u00fc Metal Galvaniz \u00c7\u00f6p Konteyneri\" srcset=\"https:\/\/bdbmetal.com\/wp-content\/uploads\/2024\/09\/Sahne-1-1-300x300.png 300w, https:\/\/bdbmetal.com\/wp-content\/uploads\/2024\/09\/Sahne-1-1-1024x1024.png 1024w, https:\/\/bdbmetal.com\/wp-content\/uploads\/2024\/09\/Sahne-1-1-150x150.png 150w, https:\/\/bdbmetal.com\/wp-content\/uploads\/2024\/09\/Sahne-1-1-768x768.png 768w, https:\/\/bdbmetal.com\/wp-content\/uploads\/2024\/09\/Sahne-1-1-600x600.png 600w, https:\/\/bdbmetal.com\/wp-content\/uploads\/2024\/09\/Sahne-1-1-100x100.png 100w, https:\/\/bdbmetal.com\/wp-content\/uploads\/2024\/09\/Sahne-1-1.png 1080w\" sizes=\"auto, (max-width: 300px) 100vw, 300px\" title=\"\">\t\t\t\t<\/a>\n\t\t\t<\/div>\n\t\t\t\n\t\t\t<div class=\"image-tools is-small top right show-on-hover\">\n\t\t\t\t\t\t\t<\/div>\n\t\t\t<div class=\"image-tools is-small hide-for-small bottom left show-on-hover\">\n\t\t\t\t\t\t\t<\/div>\n\t\t\t<div class=\"image-tools grid-tools text-center hide-for-small bottom hover-slide-in show-on-hover\">\n\t\t\t\t\t\t\t<\/div>\n\t\t\t\t\t<\/div>\n\n\t\t<div class=\"box-text box-text-products\">\n\t\t\t<div class=\"title-wrapper\"><h3 class=\"name product-title woocommerce-loop-product__title\"><a href=\"https:\/\/bdbmetal.com\/en\/2500-lt-above-ground-trash-container\/\" class=\"woocommerce-LoopProduct-link woocommerce-loop-product__link\">2500 LT Above Ground Metal Galvanized Garbage Container<\/a><\/h3><\/div><div class=\"price-wrapper\"><\/div>\t\t<\/div>\n\t<\/div>\n\t\t<\/div>\n<\/div><div class=\"product-small col has-hover product type-product post-2714 status-publish instock product_cat-above-ground-garbage-container1 product_cat-trash-container1 product_tag-3000lt-above-ground-waste-container product_tag-3000lt-garbage-container product_tag-electrostatic-powder-coated-waste-container product_tag-galvanized-garbage-container product_tag-metal-garbage-container has-post-thumbnail shipping-taxable product-type-simple\">\n\t<div class=\"col-inner\">\n\t\n<div class=\"badge-container absolute left top z-1\">\n\n<\/div>\n\t<div class=\"product-small box \">\n\t\t<div class=\"box-image\">\n\t\t\t<div class=\"image-color\">\n\t\t\t\t<a href=\"https:\/\/bdbmetal.com\/en\/3000-lt-above-ground-trash-container\/\" aria-label=\"3000 LT Above Ground Metal Galvanized Garbage Container\">\n\t\t\t\t\t<img loading=\"lazy\" decoding=\"async\" width=\"300\" height=\"300\" src=\"https:\/\/bdbmetal.com\/wp-content\/uploads\/2024\/09\/3000LT-300x300.png\" class=\"attachment-woocommerce_thumbnail size-woocommerce_thumbnail\" alt=\"3000 LT Yer \u00dcst\u00fc Metal Galvaniz \u00c7\u00f6p Konteyneri\" srcset=\"https:\/\/bdbmetal.com\/wp-content\/uploads\/2024\/09\/3000LT-300x300.png 300w, https:\/\/bdbmetal.com\/wp-content\/uploads\/2024\/09\/3000LT-1024x1024.png 1024w, https:\/\/bdbmetal.com\/wp-content\/uploads\/2024\/09\/3000LT-150x150.png 150w, https:\/\/bdbmetal.com\/wp-content\/uploads\/2024\/09\/3000LT-768x768.png 768w, https:\/\/bdbmetal.com\/wp-content\/uploads\/2024\/09\/3000LT-1536x1536.png 1536w, https:\/\/bdbmetal.com\/wp-content\/uploads\/2024\/09\/3000LT-2048x2048.png 2048w, https:\/\/bdbmetal.com\/wp-content\/uploads\/2024\/09\/3000LT-600x600.png 600w, https:\/\/bdbmetal.com\/wp-content\/uploads\/2024\/09\/3000LT-100x100.png 100w\" sizes=\"auto, (max-width: 300px) 100vw, 300px\" title=\"\">\t\t\t\t<\/a>\n\t\t\t<\/div>\n\t\t\t\n\t\t\t<div class=\"image-tools is-small top right show-on-hover\">\n\t\t\t\t\t\t\t<\/div>\n\t\t\t<div class=\"image-tools is-small hide-for-small bottom left show-on-hover\">\n\t\t\t\t\t\t\t<\/div>\n\t\t\t<div class=\"image-tools grid-tools text-center hide-for-small bottom hover-slide-in show-on-hover\">\n\t\t\t\t\t\t\t<\/div>\n\t\t\t\t\t<\/div>\n\n\t\t<div class=\"box-text box-text-products\">\n\t\t\t<div class=\"title-wrapper\"><h3 class=\"name product-title woocommerce-loop-product__title\"><a href=\"https:\/\/bdbmetal.com\/en\/3000-lt-above-ground-trash-container\/\" class=\"woocommerce-LoopProduct-link woocommerce-loop-product__link\">3000 LT Above Ground Metal Galvanized Garbage Container<\/a><\/h3><\/div><div class=\"price-wrapper\"><\/div>\t\t<\/div>\n\t<\/div>\n\t\t<\/div>\n<\/div><div class=\"product-small col has-hover product type-product post-3704 status-publish instock product_cat-above-ground-garbage-container1 product_cat-trash-container1 product_tag-3200-lt-garbage-container product_tag-3200lt-above-ground-garbage-container product_tag-electrostatic-powder-coated-waste-container product_tag-galvanized-garbage-container product_tag-metal-garbage-container has-post-thumbnail shipping-taxable product-type-simple\">\n\t<div class=\"col-inner\">\n\t\n<div class=\"badge-container absolute left top z-1\">\n\n<\/div>\n\t<div class=\"product-small box \">\n\t\t<div class=\"box-image\">\n\t\t\t<div class=\"image-color\">\n\t\t\t\t<a href=\"https:\/\/bdbmetal.com\/en\/3200-lt-above-ground-metal-galvanized-garbage-container\/\" aria-label=\"3200 LT Above Ground Metal Galvanized Garbage Container\">\n\t\t\t\t\t<img loading=\"lazy\" decoding=\"async\" width=\"300\" height=\"300\" src=\"https:\/\/bdbmetal.com\/wp-content\/uploads\/2025\/02\/Sahne-1-1-300x300.png\" class=\"attachment-woocommerce_thumbnail size-woocommerce_thumbnail\" alt=\"3200 LT METAL GALVANIZED GARBAGE CONTAINER\" srcset=\"https:\/\/bdbmetal.com\/wp-content\/uploads\/2025\/02\/Sahne-1-1-300x300.png 300w, https:\/\/bdbmetal.com\/wp-content\/uploads\/2025\/02\/Sahne-1-1-1024x1024.png 1024w, https:\/\/bdbmetal.com\/wp-content\/uploads\/2025\/02\/Sahne-1-1-150x150.png 150w, https:\/\/bdbmetal.com\/wp-content\/uploads\/2025\/02\/Sahne-1-1-768x768.png 768w, https:\/\/bdbmetal.com\/wp-content\/uploads\/2025\/02\/Sahne-1-1-600x600.png 600w, https:\/\/bdbmetal.com\/wp-content\/uploads\/2025\/02\/Sahne-1-1-100x100.png 100w, https:\/\/bdbmetal.com\/wp-content\/uploads\/2025\/02\/Sahne-1-1.png 1080w\" sizes=\"auto, (max-width: 300px) 100vw, 300px\" title=\"\">\t\t\t\t<\/a>\n\t\t\t<\/div>\n\t\t\t\n\t\t\t<div class=\"image-tools is-small top right show-on-hover\">\n\t\t\t\t\t\t\t<\/div>\n\t\t\t<div class=\"image-tools is-small hide-for-small bottom left show-on-hover\">\n\t\t\t\t\t\t\t<\/div>\n\t\t\t<div class=\"image-tools grid-tools text-center hide-for-small bottom hover-slide-in show-on-hover\">\n\t\t\t\t\t\t\t<\/div>\n\t\t\t\t\t<\/div>\n\n\t\t<div class=\"box-text box-text-products\">\n\t\t\t<div class=\"title-wrapper\"><h3 class=\"name product-title woocommerce-loop-product__title\"><a href=\"https:\/\/bdbmetal.com\/en\/3200-lt-above-ground-metal-galvanized-garbage-container\/\" class=\"woocommerce-LoopProduct-link woocommerce-loop-product__link\">3200 LT Above Ground Metal Galvanized Garbage Container<\/a><\/h3><\/div><div class=\"price-wrapper\"><\/div>\t\t<\/div>\n\t<\/div>\n\t\t<\/div>\n<\/div><div class=\"product-small col has-hover product type-product post-3703 status-publish last instock product_cat-above-ground-garbage-container1 product_cat-trash-container1 product_tag-3750-lt-garbage-container product_tag-3750lt-above-ground-garbage-container product_tag-electrostatic-powder-coated-waste-container product_tag-galvanized-garbage-container product_tag-metal-garbage-container has-post-thumbnail shipping-taxable product-type-simple\">\n\t<div class=\"col-inner\">\n\t\n<div class=\"badge-container absolute left top z-1\">\n\n<\/div>\n\t<div class=\"product-small box \">\n\t\t<div class=\"box-image\">\n\t\t\t<div class=\"image-color\">\n\t\t\t\t<a href=\"https:\/\/bdbmetal.com\/en\/3750-lt-above-ground-metal-galvanized-garbage-container\/\" aria-label=\"3750 LT Above Ground Metal Galvanized Garbage Container\">\n\t\t\t\t\t<img loading=\"lazy\" decoding=\"async\" width=\"300\" height=\"300\" src=\"https:\/\/bdbmetal.com\/wp-content\/uploads\/2025\/02\/Sahne-1-1-1-300x300.png\" class=\"attachment-woocommerce_thumbnail size-woocommerce_thumbnail\" alt=\"3750 LT METAL GALVANIZED GARBAGE CONTAINER\" srcset=\"https:\/\/bdbmetal.com\/wp-content\/uploads\/2025\/02\/Sahne-1-1-1-300x300.png 300w, https:\/\/bdbmetal.com\/wp-content\/uploads\/2025\/02\/Sahne-1-1-1-1024x1024.png 1024w, https:\/\/bdbmetal.com\/wp-content\/uploads\/2025\/02\/Sahne-1-1-1-150x150.png 150w, https:\/\/bdbmetal.com\/wp-content\/uploads\/2025\/02\/Sahne-1-1-1-768x768.png 768w, https:\/\/bdbmetal.com\/wp-content\/uploads\/2025\/02\/Sahne-1-1-1-600x600.png 600w, https:\/\/bdbmetal.com\/wp-content\/uploads\/2025\/02\/Sahne-1-1-1-100x100.png 100w, https:\/\/bdbmetal.com\/wp-content\/uploads\/2025\/02\/Sahne-1-1-1.png 1080w\" sizes=\"auto, (max-width: 300px) 100vw, 300px\" title=\"\">\t\t\t\t<\/a>\n\t\t\t<\/div>\n\t\t\t\n\t\t\t<div class=\"image-tools is-small top right show-on-hover\">\n\t\t\t\t\t\t\t<\/div>\n\t\t\t<div class=\"image-tools is-small hide-for-small bottom left show-on-hover\">\n\t\t\t\t\t\t\t<\/div>\n\t\t\t<div class=\"image-tools grid-tools text-center hide-for-small bottom hover-slide-in show-on-hover\">\n\t\t\t\t\t\t\t<\/div>\n\t\t\t\t\t<\/div>\n\n\t\t<div class=\"box-text box-text-products\">\n\t\t\t<div class=\"title-wrapper\"><h3 class=\"name product-title woocommerce-loop-product__title\"><a href=\"https:\/\/bdbmetal.com\/en\/3750-lt-above-ground-metal-galvanized-garbage-container\/\" class=\"woocommerce-LoopProduct-link woocommerce-loop-product__link\">3750 LT Above Ground Metal Galvanized Garbage Container<\/a><\/h3><\/div><div class=\"price-wrapper\"><\/div>\t\t<\/div>\n\t<\/div>\n\t\t<\/div>\n<\/div><div class=\"product-small col has-hover product type-product post-3702 status-publish first instock product_cat-above-ground-garbage-container1 product_cat-trash-container1 product_tag-5000-lt-garbage-container product_tag-5000lt-above-ground-garbage-container product_tag-electrostatic-powder-coated-waste-container product_tag-galvanized-garbage-container product_tag-metal-garbage-container has-post-thumbnail shipping-taxable product-type-simple\">\n\t<div class=\"col-inner\">\n\t\n<div class=\"badge-container absolute left top z-1\">\n\n<\/div>\n\t<div class=\"product-small box \">\n\t\t<div class=\"box-image\">\n\t\t\t<div class=\"image-color\">\n\t\t\t\t<a href=\"https:\/\/bdbmetal.com\/en\/5000-lt-above-ground-metal-galvanized-garbage-container\/\" aria-label=\"5000 LT Above Ground Metal Galvanized Garbage Container\">\n\t\t\t\t\t<img loading=\"lazy\" decoding=\"async\" width=\"300\" height=\"300\" src=\"https:\/\/bdbmetal.com\/wp-content\/uploads\/2025\/02\/Sahne-1-1-2-300x300.png\" class=\"attachment-woocommerce_thumbnail size-woocommerce_thumbnail\" alt=\"5000 LT METAL GALVANIZED GARBAGE CONTAINER\" srcset=\"https:\/\/bdbmetal.com\/wp-content\/uploads\/2025\/02\/Sahne-1-1-2-300x300.png 300w, https:\/\/bdbmetal.com\/wp-content\/uploads\/2025\/02\/Sahne-1-1-2-1024x1024.png 1024w, https:\/\/bdbmetal.com\/wp-content\/uploads\/2025\/02\/Sahne-1-1-2-150x150.png 150w, https:\/\/bdbmetal.com\/wp-content\/uploads\/2025\/02\/Sahne-1-1-2-768x768.png 768w, https:\/\/bdbmetal.com\/wp-content\/uploads\/2025\/02\/Sahne-1-1-2-1536x1536.png 1536w, https:\/\/bdbmetal.com\/wp-content\/uploads\/2025\/02\/Sahne-1-1-2-600x600.png 600w, https:\/\/bdbmetal.com\/wp-content\/uploads\/2025\/02\/Sahne-1-1-2-100x100.png 100w, https:\/\/bdbmetal.com\/wp-content\/uploads\/2025\/02\/Sahne-1-1-2.png 1920w\" sizes=\"auto, (max-width: 300px) 100vw, 300px\" title=\"\">\t\t\t\t<\/a>\n\t\t\t<\/div>\n\t\t\t\n\t\t\t<div class=\"image-tools is-small top right show-on-hover\">\n\t\t\t\t\t\t\t<\/div>\n\t\t\t<div class=\"image-tools is-small hide-for-small bottom left show-on-hover\">\n\t\t\t\t\t\t\t<\/div>\n\t\t\t<div class=\"image-tools grid-tools text-center hide-for-small bottom hover-slide-in show-on-hover\">\n\t\t\t\t\t\t\t<\/div>\n\t\t\t\t\t<\/div>\n\n\t\t<div class=\"box-text box-text-products\">\n\t\t\t<div class=\"title-wrapper\"><h3 class=\"name product-title woocommerce-loop-product__title\"><a href=\"https:\/\/bdbmetal.com\/en\/5000-lt-above-ground-metal-galvanized-garbage-container\/\" class=\"woocommerce-LoopProduct-link woocommerce-loop-product__link\">5000 LT Above Ground Metal Galvanized Garbage Container<\/a><\/h3><\/div><div class=\"price-wrapper\"><\/div>\t\t<\/div>\n\t<\/div>\n\t\t<\/div>\n<\/div><\/div>\n\n<h2>Aboveground Garbage Container Prices<\/h2>\n<p>Aboveground garbage container prices vary depending on the quality of the materials used, the container&#8217;s volume, the production technology, and any customizations requested. At BDB Metal, we prioritize price\/performance when creating tailored solutions for customer needs, offering long-lasting, aesthetically pleasing, and functional products at competitive prices. Please contact us for pricing and the model best suited for your project.<\/p>\n<h2>Aboveground Galvanized Metal Garbage Container<\/h2>\n<p>Aboveground galvanized metal garbage containers offer aesthetic, durable, and functional solutions to the waste management needs of modern cities. With their large volumes, ergonomic designs, and galvanized bodies resistant to harsh outdoor conditions, these containers can be safely used in both public and private areas.<\/p>\n<p>Aboveground garbage container models manufactured by BDB Metal offer effective solutions for both domestic and industrial waste collection needs. Moreover, with project-based custom manufacturing and customizable design options, finding the perfect product for your project is now very easy.<\/p>\n<h2>What is an Above-Ground Waste Container System?<\/h2>\n<p>An above-ground waste container system is a modern waste management solution that enables the collection, storage, and disposal of waste without harming the environment. This system is integrated into public spaces as part of street furniture and helps:<\/p>\n<ul>\n<li>Prevents the formation of foul odors and pests,<\/li>\n<li>Prevents environmental pollution,<\/li>\n<li>Provides a tidy and hygienic environment.<\/li>\n<\/ul>\n<p>Thanks to its durable body structure, user-friendly design, and high volume capacity, it is preferred in many different areas, from municipalities to site managements. BDB Metal waste containers, with their mechanism compatible with crane-assisted discharge systems and ergonomic design that provides easy access, increase operational efficiency for cleaning teams and provide a user-friendly experience.<\/p>\n<h2>Above-Ground Waste Container Models<\/h2>\n<p>BDB Metal&#8217;s above-ground waste container models stand out with their designs that don&#8217;t disrupt urban aesthetics and their high-strength material construction. BDB Metal&#8217;s above-ground container portfolio offers a variety of model options tailored to your needs and usage area. Available models:<\/p>\n<ul>\n<li>Covered and uncovered options<\/li>\n<li>Pedal-operated opening mechanism<\/li>\n<li>Mobile models with wheels<\/li>\n<li>Models with crane-equipped systems<\/li>\n<\/ul>\n<p>This variety ensures maximum hygiene and efficiency in many areas, from municipalities to shopping malls, from schoolyards to industrial facilities.<\/p>\n<h2>Above-Ground Waste Container Features<\/h2>\n<p>Key features of above-ground waste containers:<\/p>\n<ul>\n<li>Durable and long-lasting material construction (hot-dip galvanized or electrostatic powder coating)<\/li>\n<li>The ideal solution for large waste volumes with large volume capacities<\/li>\n<li>Compact and ergonomic design: Easy to use even in tight spaces<\/li>\n<li>Environmentally friendly production: Use of recyclable materials<\/li>\n<li>According to the RAL catalogue Customization with color options and visual warning signs.<\/li>\n<li>Lifting arms compatible with crane vehicle systems.<\/li>\n<li>Optional custom sizing and brand\/logo printing options.<\/li>\n<\/ul>\n<h2>Aboveground Waste Container Dimensions.<\/h2>\n<p>All aboveground waste container products offered by BDB Metal are designed to meet different needs in terms of size. The product dimensions are as follows:<\/p>\n<ul>\n<li>2500 Liter Above Ground Waste Container: 161 x 160 x 125 cm<\/li>\n<li>3000 Liter Above Ground Waste Container: 145 x 160 x 182 cm<\/li>\n<li>3200 Liter Above Ground Waste Container: 178 x 161 x 197 cm<\/li>\n<li>3750 Liter Above Ground Waste Container: 160 x 164 x 184 cm<\/li>\n<li>5000 Liter Above Ground Waste Container: 160 x 165 x 220 cm<\/li>\n<\/ul>\n<p>Custom sizes are also available if needed.<\/p>\n<h2>Above Ground Waste Container Usage Areas<\/h2>\n<p>Above-ground waste containers offer a wide range of uses. They contribute significantly to maintaining hygiene in high-traffic areas. They can also be integrated into recycling systems with different color and label options. Thanks to their galvanized coating, they provide high protection against external factors such as rain, snow, and sun, ensuring the product&#8217;s longevity. Above-ground waste containers are used in many areas to meet different needs:<\/p>\n<ul>\n<li>They are used by municipalities in public areas such as streets, avenues, and parks. This ensures the regular collection of daily waste.<\/li>\n<li>They are used around housing estates and apartment buildings to maintain hygiene in communal areas and reduce unpleasant odors.<\/li>\n<li>They offer practical solutions to visitors&#8217; garbage disposal needs in crowded areas such as shopping malls.<\/li>\n<li>They help ensure safe waste collection in healthcare institutions, especially hospitals.<\/li>\n<li>They are used as temporary storage for waste from the production process in industrial zones and production facilities.<br \/>It provides rack storage.<\/li>\n<li>It is an accessible waste collection solution for students and staff in schools, universities, and educational institutions.<\/li>\n<li>It facilitates the management of high-volume waste in event areas such as sports complexes and stadiums.<\/li>\n<li>It integrates with recycling projects and contributes to the separation of waste types with different color and label options.<\/li>\n<\/ul>\n<h2>Things to Consider When Buying an Aboveground Waste Container<\/h2>\n<p>Several important criteria should be considered when choosing the right aboveground waste container.<\/p>\n<ul>\n<li>Volume capacity: Suitable for the daily waste volume.<\/li>\n<li>Material quality: Corrosion and impact resistant.<\/li>\n<li>Discharge compatibility: Integration with crane systems.<\/li>\n<li>Ease of use: Ergonomic and user-friendly Design,<\/li>\n<li>Aesthetics and urban harmony: Design suitable for public spaces,<\/li>\n<li>Hygiene and ease of cleaning: Surface and interior cleaning should be practical.<\/li>\n<\/ul>\n<h2>Above-Ground Waste Container Manufacturer: BDB Metal<\/h2>\n<p>With over 20 years of experience in the industry, BDB Metal combines quality, reliability, and sustainability in above-ground <a href=\"https:\/\/bdbmetal.com\/en\/trash-container\/\">waste container production<\/a>. Thanks to its customer-focused approach, it develops customized solutions for projects in addition to standard production. The high-quality galvanized steel and electrostatic paint applications used in production ensure long-lasting use of the products. If you are looking for a reliable business partner in your search for corporate solutions, you can meet <a href=\"https:\/\/bdbmetal.com\/en\/\">Above-Ground Waste Container Manufacturer<\/a> BDB Metal.<\/p>\n\n\t\t<\/div>\n\t\t\t\t\t<\/div>\n\n\t\n\n<\/div>\n\n","protected":false},"excerpt":{"rendered":"","protected":false},"author":5,"featured_media":0,"parent":7287,"menu_order":0,"comment_status":"closed","ping_status":"closed","template":"page-transparent-header-light.php","meta":{"_acf_changed":false,"footnotes":""},"class_list":["post-4650","page","type-page","status-publish","hentry"],"acf":[],"_links":{"self":[{"href":"https:\/\/bdbmetal.com\/en\/wp-json\/wp\/v2\/pages\/4650","targetHints":{"allow":["GET"]}}],"collection":[{"href":"https:\/\/bdbmetal.com\/en\/wp-json\/wp\/v2\/pages"}],"about":[{"href":"https:\/\/bdbmetal.com\/en\/wp-json\/wp\/v2\/types\/page"}],"author":[{"embeddable":true,"href":"https:\/\/bdbmetal.com\/en\/wp-json\/wp\/v2\/users\/5"}],"replies":[{"embeddable":true,"href":"https:\/\/bdbmetal.com\/en\/wp-json\/wp\/v2\/comments?post=4650"}],"version-history":[{"count":1,"href":"https:\/\/bdbmetal.com\/en\/wp-json\/wp\/v2\/pages\/4650\/revisions"}],"predecessor-version":[{"id":7562,"href":"https:\/\/bdbmetal.com\/en\/wp-json\/wp\/v2\/pages\/4650\/revisions\/7562"}],"up":[{"embeddable":true,"href":"https:\/\/bdbmetal.com\/en\/wp-json\/wp\/v2\/pages\/7287"}],"wp:attachment":[{"href":"https:\/\/bdbmetal.com\/en\/wp-json\/wp\/v2\/media?parent=4650"}],"curies":[{"name":"wp","href":"https:\/\/api.w.org\/{rel}","templated":true}]}}